{"id":5986,"date":"2019-02-28T16:23:13","date_gmt":"2019-02-28T14:23:13","guid":{"rendered":"https:\/\/atritube.gr\/product\/schlauchfilter\/"},"modified":"2019-02-28T16:23:13","modified_gmt":"2019-02-28T14:23:13","slug":"schlauchfilter","status":"publish","type":"product","link":"https:\/\/atritube.com\/de\/produkt\/schlauchfilter\/","title":{"rendered":"Schlauchfilter"},"content":{"rendered":"","protected":false},"excerpt":{"rendered":"<p>Schlauchfilter sind APC-Produkte (Air Pollution Control Equipment\u00a0= Luftreinhaltungsger\u00e4te). Sie dienen der Filterung der Luft und dem Einfangen und Abscheiden von Schwebepartikeln.<\/p>\n<p>Papierwerke, Chemieproduzenten, Lebensmittelindustrien und viele weitere industrielle und kommerzielle Betriebe nutzen Schlauchfilter, um ihren Luftschadstoffaussto\u00df zu kontrollieren.<\/p>\n<p>Sie k\u00f6nnen in beinahe jeder Gr\u00f6\u00dfe und Form gebaut werden, um in jede denkbare Struktur zu passen. Eine gro\u00dfe Auswahl an selbstreinigenden Filterschl\u00e4uchen wird f\u00fcr die Abscheidung der Schadstoffe in jeder Art von Produktionsverfahren verwendet.<\/p>\n","protected":false},"featured_media":5006,"comment_status":"closed","ping_status":"closed","template":"","meta":[],"product_brand":[],"product_cat":[79],"product_tag":[],"class_list":{"0":"post-5986","1":"product","2":"type-product","3":"status-publish","4":"has-post-thumbnail","6":"product_cat-klimatechnik","7":"","9":"first","10":"instock","11":"shipping-taxable","12":"product-type-simple"},"_links":{"self":[{"href":"https:\/\/atritube.com\/de\/wp-json\/wp\/v2\/product\/5986","targetHints":{"allow":["GET"]}}],"collection":[{"href":"https:\/\/atritube.com\/de\/wp-json\/wp\/v2\/product"}],"about":[{"href":"https:\/\/atritube.com\/de\/wp-json\/wp\/v2\/types\/product"}],"replies":[{"embeddable":true,"href":"https:\/\/atritube.com\/de\/wp-json\/wp\/v2\/comments?post=5986"}],"wp:featuredmedia":[{"embeddable":true,"href":"https:\/\/atritube.com\/de\/wp-json\/wp\/v2\/media\/5006"}],"wp:attachment":[{"href":"https:\/\/atritube.com\/de\/wp-json\/wp\/v2\/media?parent=5986"}],"wp:term":[{"taxonomy":"product_brand","embeddable":true,"href":"https:\/\/atritube.com\/de\/wp-json\/wp\/v2\/product_brand?post=5986"},{"taxonomy":"product_cat","embeddable":true,"href":"https:\/\/atritube.com\/de\/wp-json\/wp\/v2\/product_cat?post=5986"},{"taxonomy":"product_tag","embeddable":true,"href":"https:\/\/atritube.com\/de\/wp-json\/wp\/v2\/product_tag?post=5986"}],"curies":[{"name":"wp","href":"https:\/\/api.w.org\/{rel}","templated":true}]}}