{"id":5984,"date":"2019-02-28T16:26:25","date_gmt":"2019-02-28T14:26:25","guid":{"rendered":"https:\/\/atritube.gr\/product\/abzugshauben\/"},"modified":"2019-02-28T16:26:25","modified_gmt":"2019-02-28T14:26:25","slug":"abzugshauben","status":"publish","type":"product","link":"https:\/\/atritube.com\/de\/produkt\/abzugshauben\/","title":{"rendered":"Abzugshauben"},"content":{"rendered":"","protected":false},"excerpt":{"rendered":"<p>Unsere Edelstahlabzugshauben eignen sich f\u00fcr gewerbliche K\u00fcchen, Grills und allgemein f\u00fcr Entl\u00fcftungsanwendungen.<\/p>\n<p>Sie werden in einer Vielzahl von Formen hergestellt und k\u00f6nnen in Kombination mit den Luftrohren und L\u00fcftern eine gro\u00dfe Bandbreite von Entl\u00fcftungsanwendungen (Rauch, Dampf, Ger\u00fcche u.\u00a0a.) abdecken.<\/p>\n<p>Technische Daten:<\/p>\n<ul>\n<li>AISI-304- und 316L-Edelstahl, Blechst\u00e4rke 1\u00a0mm<\/li>\n<li>r\u00fcckw\u00e4rtige LED-Beleuchtung<\/li>\n<li>Fettfilter<\/li>\n<\/ul>\n","protected":false},"featured_media":5303,"comment_status":"closed","ping_status":"closed","template":"","meta":[],"product_brand":[],"product_cat":[79],"product_tag":[],"class_list":{"0":"post-5984","1":"product","2":"type-product","3":"status-publish","4":"has-post-thumbnail","6":"product_cat-klimatechnik","7":"","9":"first","10":"instock","11":"shipping-taxable","12":"product-type-simple"},"_links":{"self":[{"href":"https:\/\/atritube.com\/de\/wp-json\/wp\/v2\/product\/5984","targetHints":{"allow":["GET"]}}],"collection":[{"href":"https:\/\/atritube.com\/de\/wp-json\/wp\/v2\/product"}],"about":[{"href":"https:\/\/atritube.com\/de\/wp-json\/wp\/v2\/types\/product"}],"replies":[{"embeddable":true,"href":"https:\/\/atritube.com\/de\/wp-json\/wp\/v2\/comments?post=5984"}],"wp:featuredmedia":[{"embeddable":true,"href":"https:\/\/atritube.com\/de\/wp-json\/wp\/v2\/media\/5303"}],"wp:attachment":[{"href":"https:\/\/atritube.com\/de\/wp-json\/wp\/v2\/media?parent=5984"}],"wp:term":[{"taxonomy":"product_brand","embeddable":true,"href":"https:\/\/atritube.com\/de\/wp-json\/wp\/v2\/product_brand?post=5984"},{"taxonomy":"product_cat","embeddable":true,"href":"https:\/\/atritube.com\/de\/wp-json\/wp\/v2\/product_cat?post=5984"},{"taxonomy":"product_tag","embeddable":true,"href":"https:\/\/atritube.com\/de\/wp-json\/wp\/v2\/product_tag?post=5984"}],"curies":[{"name":"wp","href":"https:\/\/api.w.org\/{rel}","templated":true}]}}