{"id":5979,"date":"2019-02-28T16:25:52","date_gmt":"2019-02-28T14:25:52","guid":{"rendered":"https:\/\/atritube.gr\/product\/schallabsorber\/"},"modified":"2019-02-28T16:25:52","modified_gmt":"2019-02-28T14:25:52","slug":"schallabsorber","status":"publish","type":"product","link":"https:\/\/atritube.com\/de\/produkt\/schallabsorber\/","title":{"rendered":"Schallabsorber"},"content":{"rendered":"","protected":false},"excerpt":{"rendered":"<p><strong>ATRITUBE<\/strong> baut rechteckige und runde Schallabsorber aus Edelstahl und verzinktem Stahl f\u00fcr die Reduzierung von Ger\u00e4uschen durch gewerbliche und h\u00e4usliche Anwendungen.<\/p>\n","protected":false},"featured_media":4902,"comment_status":"closed","ping_status":"closed","template":"","meta":[],"product_brand":[],"product_cat":[79],"product_tag":[],"class_list":{"0":"post-5979","1":"product","2":"type-product","3":"status-publish","4":"has-post-thumbnail","6":"product_cat-klimatechnik","7":"","9":"first","10":"instock","11":"shipping-taxable","12":"product-type-simple"},"_links":{"self":[{"href":"https:\/\/atritube.com\/de\/wp-json\/wp\/v2\/product\/5979","targetHints":{"allow":["GET"]}}],"collection":[{"href":"https:\/\/atritube.com\/de\/wp-json\/wp\/v2\/product"}],"about":[{"href":"https:\/\/atritube.com\/de\/wp-json\/wp\/v2\/types\/product"}],"replies":[{"embeddable":true,"href":"https:\/\/atritube.com\/de\/wp-json\/wp\/v2\/comments?post=5979"}],"wp:featuredmedia":[{"embeddable":true,"href":"https:\/\/atritube.com\/de\/wp-json\/wp\/v2\/media\/4902"}],"wp:attachment":[{"href":"https:\/\/atritube.com\/de\/wp-json\/wp\/v2\/media?parent=5979"}],"wp:term":[{"taxonomy":"product_brand","embeddable":true,"href":"https:\/\/atritube.com\/de\/wp-json\/wp\/v2\/product_brand?post=5979"},{"taxonomy":"product_cat","embeddable":true,"href":"https:\/\/atritube.com\/de\/wp-json\/wp\/v2\/product_cat?post=5979"},{"taxonomy":"product_tag","embeddable":true,"href":"https:\/\/atritube.com\/de\/wp-json\/wp\/v2\/product_tag?post=5979"}],"curies":[{"name":"wp","href":"https:\/\/api.w.org\/{rel}","templated":true}]}}