{"id":5977,"date":"2019-02-28T16:26:06","date_gmt":"2019-02-28T14:26:06","guid":{"rendered":"https:\/\/atritube.gr\/product\/zubehorteile\/"},"modified":"2019-02-28T16:26:06","modified_gmt":"2019-02-28T14:26:06","slug":"zubehorteile","status":"publish","type":"product","link":"https:\/\/atritube.com\/de\/produkt\/zubehorteile\/","title":{"rendered":"Zubeh\u00f6rteile"},"content":{"rendered":"","protected":false},"excerpt":{"rendered":"<p>Unsere Serie mit Zubeh\u00f6rteilen erg\u00e4nzt unsere anderen Klimatechnik-Serien zu kompletten Installationen.<\/p>\n<p>Da Klimatechnik-Anwendungen immer anspruchsvoller werden, wurde diese Serie geschaffen, um den Bed\u00fcrfnissen jeder Anwendung gerecht zu werden.<\/p>\n","protected":false},"featured_media":5305,"comment_status":"closed","ping_status":"closed","template":"","meta":[],"product_brand":[],"product_cat":[79],"product_tag":[],"class_list":{"0":"post-5977","1":"product","2":"type-product","3":"status-publish","4":"has-post-thumbnail","6":"product_cat-klimatechnik","7":"","9":"first","10":"instock","11":"shipping-taxable","12":"product-type-simple"},"_links":{"self":[{"href":"https:\/\/atritube.com\/de\/wp-json\/wp\/v2\/product\/5977","targetHints":{"allow":["GET"]}}],"collection":[{"href":"https:\/\/atritube.com\/de\/wp-json\/wp\/v2\/product"}],"about":[{"href":"https:\/\/atritube.com\/de\/wp-json\/wp\/v2\/types\/product"}],"replies":[{"embeddable":true,"href":"https:\/\/atritube.com\/de\/wp-json\/wp\/v2\/comments?post=5977"}],"wp:featuredmedia":[{"embeddable":true,"href":"https:\/\/atritube.com\/de\/wp-json\/wp\/v2\/media\/5305"}],"wp:attachment":[{"href":"https:\/\/atritube.com\/de\/wp-json\/wp\/v2\/media?parent=5977"}],"wp:term":[{"taxonomy":"product_brand","embeddable":true,"href":"https:\/\/atritube.com\/de\/wp-json\/wp\/v2\/product_brand?post=5977"},{"taxonomy":"product_cat","embeddable":true,"href":"https:\/\/atritube.com\/de\/wp-json\/wp\/v2\/product_cat?post=5977"},{"taxonomy":"product_tag","embeddable":true,"href":"https:\/\/atritube.com\/de\/wp-json\/wp\/v2\/product_tag?post=5977"}],"curies":[{"name":"wp","href":"https:\/\/api.w.org\/{rel}","templated":true}]}}