{"id":5975,"date":"2019-02-28T16:24:50","date_gmt":"2019-02-28T14:24:50","guid":{"rendered":"https:\/\/atritube.gr\/product\/luftungsgitter\/"},"modified":"2020-12-08T16:48:31","modified_gmt":"2020-12-08T14:48:31","slug":"luftungsgitter","status":"publish","type":"product","link":"https:\/\/atritube.com\/de\/produkt\/luftungsgitter\/","title":{"rendered":"L\u00fcftungsgitter"},"content":{"rendered":"","protected":false},"excerpt":{"rendered":"<p>Von der Entl\u00fcftung von B\u00fcror\u00e4umen bis zur industriellen und Hausklimatechnik k\u00f6nnen wir integrierte L\u00f6sungen anbieten.<\/p>\n<p>Ein breites Sortiment an L\u00fcftungsgittern f\u00fcr jede Anlage steht f\u00fcr die Kombination mit allen unseren Klimatechnik-Serien zur Verf\u00fcgung.<\/p>\n","protected":false},"featured_media":5312,"comment_status":"closed","ping_status":"closed","template":"","meta":[],"product_brand":[],"product_cat":[79],"product_tag":[],"class_list":{"0":"post-5975","1":"product","2":"type-product","3":"status-publish","4":"has-post-thumbnail","6":"product_cat-klimatechnik","7":"","9":"first","10":"instock","11":"shipping-taxable","12":"product-type-simple"},"_links":{"self":[{"href":"https:\/\/atritube.com\/de\/wp-json\/wp\/v2\/product\/5975","targetHints":{"allow":["GET"]}}],"collection":[{"href":"https:\/\/atritube.com\/de\/wp-json\/wp\/v2\/product"}],"about":[{"href":"https:\/\/atritube.com\/de\/wp-json\/wp\/v2\/types\/product"}],"replies":[{"embeddable":true,"href":"https:\/\/atritube.com\/de\/wp-json\/wp\/v2\/comments?post=5975"}],"wp:featuredmedia":[{"embeddable":true,"href":"https:\/\/atritube.com\/de\/wp-json\/wp\/v2\/media\/5312"}],"wp:attachment":[{"href":"https:\/\/atritube.com\/de\/wp-json\/wp\/v2\/media?parent=5975"}],"wp:term":[{"taxonomy":"product_brand","embeddable":true,"href":"https:\/\/atritube.com\/de\/wp-json\/wp\/v2\/product_brand?post=5975"},{"taxonomy":"product_cat","embeddable":true,"href":"https:\/\/atritube.com\/de\/wp-json\/wp\/v2\/product_cat?post=5975"},{"taxonomy":"product_tag","embeddable":true,"href":"https:\/\/atritube.com\/de\/wp-json\/wp\/v2\/product_tag?post=5975"}],"curies":[{"name":"wp","href":"https:\/\/api.w.org\/{rel}","templated":true}]}}