{"id":5973,"date":"2019-02-28T16:24:14","date_gmt":"2019-02-28T14:24:14","guid":{"rendered":"https:\/\/atritube.gr\/product\/flex-luftrohre\/"},"modified":"2020-12-08T16:46:41","modified_gmt":"2020-12-08T14:46:41","slug":"flex-luftrohre","status":"publish","type":"product","link":"https:\/\/atritube.com\/de\/produkt\/flex-luftrohre\/","title":{"rendered":"Flex-Luftrohre"},"content":{"rendered":"","protected":false},"excerpt":{"rendered":"<p>Unsere flexiblen Luftrohre eignen sich ideal f\u00fcr ein breites Spektrum von Anwendungen wie Klimatisierung, Materialf\u00f6rderung und Dunstabzugssysteme. Die Serie umfasst w\u00e4rmeged\u00e4mmte und unged\u00e4mmte Flex-Luftrohre.<\/p>\n<p>Sie bestehen aus:<\/p>\n<ul>\n<li>Aluminiumblech 8150\u00a0H22, 0,08\u00a0mm, 0,09\u00a0mm und 0,1\u00a0mm.<\/li>\n<li>Aluminiumblech mit Kunststoffbeschichtung.<\/li>\n<li>Wei\u00dfer 40\u00a0Mikrometer starker Polyester.<\/li>\n<li>Wei\u00dfer Polyester mit Polyethylenschaumd\u00e4mmung, 5\u00a0mm stark.<\/li>\n<\/ul>\n","protected":false},"featured_media":5297,"comment_status":"closed","ping_status":"closed","template":"","meta":[],"product_brand":[],"product_cat":[79],"product_tag":[],"class_list":{"0":"post-5973","1":"product","2":"type-product","3":"status-publish","4":"has-post-thumbnail","6":"product_cat-klimatechnik","7":"","9":"first","10":"instock","11":"shipping-taxable","12":"product-type-simple"},"_links":{"self":[{"href":"https:\/\/atritube.com\/de\/wp-json\/wp\/v2\/product\/5973","targetHints":{"allow":["GET"]}}],"collection":[{"href":"https:\/\/atritube.com\/de\/wp-json\/wp\/v2\/product"}],"about":[{"href":"https:\/\/atritube.com\/de\/wp-json\/wp\/v2\/types\/product"}],"replies":[{"embeddable":true,"href":"https:\/\/atritube.com\/de\/wp-json\/wp\/v2\/comments?post=5973"}],"wp:featuredmedia":[{"embeddable":true,"href":"https:\/\/atritube.com\/de\/wp-json\/wp\/v2\/media\/5297"}],"wp:attachment":[{"href":"https:\/\/atritube.com\/de\/wp-json\/wp\/v2\/media?parent=5973"}],"wp:term":[{"taxonomy":"product_brand","embeddable":true,"href":"https:\/\/atritube.com\/de\/wp-json\/wp\/v2\/product_brand?post=5973"},{"taxonomy":"product_cat","embeddable":true,"href":"https:\/\/atritube.com\/de\/wp-json\/wp\/v2\/product_cat?post=5973"},{"taxonomy":"product_tag","embeddable":true,"href":"https:\/\/atritube.com\/de\/wp-json\/wp\/v2\/product_tag?post=5973"}],"curies":[{"name":"wp","href":"https:\/\/api.w.org\/{rel}","templated":true}]}}