{"id":5971,"date":"2019-02-28T16:25:27","date_gmt":"2019-02-28T14:25:27","guid":{"rendered":"https:\/\/atritube.gr\/product\/abzugsrohre-fur-fettdunste\/"},"modified":"2020-12-08T16:46:09","modified_gmt":"2020-12-08T14:46:09","slug":"abzugsrohre-fur-fettdunste","status":"publish","type":"product","link":"https:\/\/atritube.com\/de\/produkt\/abzugsrohre-fur-fettdunste\/","title":{"rendered":"Abzugsrohre f\u00fcr Fettd\u00fcnste"},"content":{"rendered":"","protected":false},"excerpt":{"rendered":"<p>Ideal f\u00fcr den Einsatz in gewerblichen K\u00fcchen, sind diese Abzugsrohre auf die Abf\u00fchrung von brennbaren Fettd\u00e4mpfen ausgelegt, wobei Dichtungsringe aus hitzebst\u00e4ndigem Silikon f\u00fcr einen luft- und kondesatdichten Abschluss an den Anschlussstellen sorgen. Es gibt sie sowohl ein- als auch doppelwandig und ged\u00e4mmt (mit Keramikwolle in verschiedenen St\u00e4rken), und sie lassen sich mit den Abzugshauben und L\u00fcftern aus unserem Sortiment zu einem kompletten Ent\u00fcftungssystem kombinieren.<\/p>\n","protected":false},"featured_media":5266,"comment_status":"closed","ping_status":"closed","template":"","meta":[],"product_brand":[],"product_cat":[79],"product_tag":[],"class_list":{"0":"post-5971","1":"product","2":"type-product","3":"status-publish","4":"has-post-thumbnail","6":"product_cat-klimatechnik","7":"","9":"first","10":"instock","11":"shipping-taxable","12":"product-type-simple"},"_links":{"self":[{"href":"https:\/\/atritube.com\/de\/wp-json\/wp\/v2\/product\/5971","targetHints":{"allow":["GET"]}}],"collection":[{"href":"https:\/\/atritube.com\/de\/wp-json\/wp\/v2\/product"}],"about":[{"href":"https:\/\/atritube.com\/de\/wp-json\/wp\/v2\/types\/product"}],"replies":[{"embeddable":true,"href":"https:\/\/atritube.com\/de\/wp-json\/wp\/v2\/comments?post=5971"}],"wp:featuredmedia":[{"embeddable":true,"href":"https:\/\/atritube.com\/de\/wp-json\/wp\/v2\/media\/5266"}],"wp:attachment":[{"href":"https:\/\/atritube.com\/de\/wp-json\/wp\/v2\/media?parent=5971"}],"wp:term":[{"taxonomy":"product_brand","embeddable":true,"href":"https:\/\/atritube.com\/de\/wp-json\/wp\/v2\/product_brand?post=5971"},{"taxonomy":"product_cat","embeddable":true,"href":"https:\/\/atritube.com\/de\/wp-json\/wp\/v2\/product_cat?post=5971"},{"taxonomy":"product_tag","embeddable":true,"href":"https:\/\/atritube.com\/de\/wp-json\/wp\/v2\/product_tag?post=5971"}],"curies":[{"name":"wp","href":"https:\/\/api.w.org\/{rel}","templated":true}]}}