{"id":5969,"date":"2019-02-28T16:24:35","date_gmt":"2019-02-28T14:24:35","guid":{"rendered":"https:\/\/atritube.gr\/product\/rechteckluftrohre\/"},"modified":"2020-12-08T16:45:35","modified_gmt":"2020-12-08T14:45:35","slug":"rechteckluftrohre","status":"publish","type":"product","link":"https:\/\/atritube.com\/de\/produkt\/rechteckluftrohre\/","title":{"rendered":"Rechteckluftrohre"},"content":{"rendered":"","protected":false},"excerpt":{"rendered":"<p>Die gem\u00e4\u00df den Normen <strong>SMACNA\u00a0\u2013 ASHRAE<\/strong> hergestellte Serie REC ist die vollst\u00e4ndigste Produktserie f\u00fcr das Luftmanagement auf dem Markt.<\/p>\n<p>Zur Serie geh\u00f6ren ein- und doppelwandige (mit Steinwolle, Keramikwolle und Euroflex in verschiedenen Dichten und St\u00e4rken ged\u00e4mmte) Luftrohre und Zubeh\u00f6r aus verzinktem Stahl f\u00fcr den Bau von Klima- und Ent\u00fcftungsnetzen.<\/p>\n","protected":false},"featured_media":5264,"comment_status":"closed","ping_status":"closed","template":"","meta":[],"product_brand":[],"product_cat":[79],"product_tag":[],"class_list":{"0":"post-5969","1":"product","2":"type-product","3":"status-publish","4":"has-post-thumbnail","6":"product_cat-klimatechnik","7":"","9":"first","10":"instock","11":"shipping-taxable","12":"product-type-simple"},"_links":{"self":[{"href":"https:\/\/atritube.com\/de\/wp-json\/wp\/v2\/product\/5969","targetHints":{"allow":["GET"]}}],"collection":[{"href":"https:\/\/atritube.com\/de\/wp-json\/wp\/v2\/product"}],"about":[{"href":"https:\/\/atritube.com\/de\/wp-json\/wp\/v2\/types\/product"}],"replies":[{"embeddable":true,"href":"https:\/\/atritube.com\/de\/wp-json\/wp\/v2\/comments?post=5969"}],"wp:featuredmedia":[{"embeddable":true,"href":"https:\/\/atritube.com\/de\/wp-json\/wp\/v2\/media\/5264"}],"wp:attachment":[{"href":"https:\/\/atritube.com\/de\/wp-json\/wp\/v2\/media?parent=5969"}],"wp:term":[{"taxonomy":"product_brand","embeddable":true,"href":"https:\/\/atritube.com\/de\/wp-json\/wp\/v2\/product_brand?post=5969"},{"taxonomy":"product_cat","embeddable":true,"href":"https:\/\/atritube.com\/de\/wp-json\/wp\/v2\/product_cat?post=5969"},{"taxonomy":"product_tag","embeddable":true,"href":"https:\/\/atritube.com\/de\/wp-json\/wp\/v2\/product_tag?post=5969"}],"curies":[{"name":"wp","href":"https:\/\/api.w.org\/{rel}","templated":true}]}}