{"id":5967,"date":"2019-02-28T16:25:08","date_gmt":"2019-02-28T14:25:08","guid":{"rendered":"https:\/\/atritube.gr\/product\/runde-luftrohre\/"},"modified":"2020-12-08T16:45:07","modified_gmt":"2020-12-08T14:45:07","slug":"runde-luftrohre","status":"publish","type":"product","link":"https:\/\/atritube.com\/de\/produkt\/runde-luftrohre\/","title":{"rendered":"Runde Luftrohre"},"content":{"rendered":"","protected":false},"excerpt":{"rendered":"<p>Die Serie umfasst ein- und doppelwandige Luftrohre mit Wickelfalz aus verzinktem Stahl f\u00fcr den Bau von Leitungsnetzen f\u00fcr Klimatisierung, Entl\u00fcftung und Materialf\u00f6rderung.<\/p>\n","protected":false},"featured_media":5092,"comment_status":"closed","ping_status":"closed","template":"","meta":[],"product_brand":[],"product_cat":[79],"product_tag":[],"class_list":{"0":"post-5967","1":"product","2":"type-product","3":"status-publish","4":"has-post-thumbnail","6":"product_cat-klimatechnik","7":"","9":"first","10":"instock","11":"shipping-taxable","12":"product-type-simple"},"_links":{"self":[{"href":"https:\/\/atritube.com\/de\/wp-json\/wp\/v2\/product\/5967","targetHints":{"allow":["GET"]}}],"collection":[{"href":"https:\/\/atritube.com\/de\/wp-json\/wp\/v2\/product"}],"about":[{"href":"https:\/\/atritube.com\/de\/wp-json\/wp\/v2\/types\/product"}],"replies":[{"embeddable":true,"href":"https:\/\/atritube.com\/de\/wp-json\/wp\/v2\/comments?post=5967"}],"wp:featuredmedia":[{"embeddable":true,"href":"https:\/\/atritube.com\/de\/wp-json\/wp\/v2\/media\/5092"}],"wp:attachment":[{"href":"https:\/\/atritube.com\/de\/wp-json\/wp\/v2\/media?parent=5967"}],"wp:term":[{"taxonomy":"product_brand","embeddable":true,"href":"https:\/\/atritube.com\/de\/wp-json\/wp\/v2\/product_brand?post=5967"},{"taxonomy":"product_cat","embeddable":true,"href":"https:\/\/atritube.com\/de\/wp-json\/wp\/v2\/product_cat?post=5967"},{"taxonomy":"product_tag","embeddable":true,"href":"https:\/\/atritube.com\/de\/wp-json\/wp\/v2\/product_tag?post=5967"}],"curies":[{"name":"wp","href":"https:\/\/api.w.org\/{rel}","templated":true}]}}