{"id":5965,"date":"2019-08-23T15:27:30","date_gmt":"2019-08-23T12:27:30","guid":{"rendered":"https:\/\/atritube.gr\/product\/zubehor\/"},"modified":"2020-12-08T16:25:00","modified_gmt":"2020-12-08T14:25:00","slug":"zubehor","status":"publish","type":"product","link":"https:\/\/atritube.com\/de\/produkt\/zubehor\/","title":{"rendered":"Zubeh\u00f6r"},"content":{"rendered":"","protected":false},"excerpt":{"rendered":"<p>Die Serie umfasst ein umfassendes Sortiment an technischen wie auch dekorativen Zubeh\u00f6rteilen f\u00fcr unsere Abgassysteme.<\/p>\n<p>Das Angebot besteht aus:<\/p>\n<ul>\n<li>Kopfabdeckungen<\/li>\n<li>Befestigungen und Montagebasen<\/li>\n<li>Dachdurchf\u00fchrungen und Wetterkragen<\/li>\n<li>Rosetten<\/li>\n<li>\u00dcberg\u00e4ngen\u00a0\u2013 Adaptern<\/li>\n<li>Kamingittern, Verteilern und Flex-Luftrohren<\/li>\n<\/ul>\n<p>Die Zubeh\u00f6rteile k\u00f6nnen mit s\u00e4mtlichen Bauteilen der Abzugsysteme der Serien <strong>ATRITUBE\u00a0EX<\/strong>, <strong>ATRITUBE\u00a0CH<\/strong> und <strong>ATRITUBE\u00a0GA<\/strong> kombiniert werden.<\/p>\n<p>Die Zubeh\u00f6rserie <strong>ATRITUBE AC<\/strong> hat alle von der europ\u00e4ischen <strong>Bauprodukte-Verordnung 305\/2011\/EU vorgesehenen n\u00f6tigen Kontrollen<\/strong> durchlaufen und gen\u00fcgt s\u00e4mtlichen Vorschriften und Bedingungen f\u00fcr die CE-Kennzeichnung gem\u00e4\u00df<strong> Anhang\u00a0ZA<\/strong> der harmonisierten Normen <strong>EN\u00a01856-1 und 1856-2.<\/strong><\/p>\n","protected":false},"featured_media":5966,"comment_status":"closed","ping_status":"closed","template":"","meta":[],"product_brand":[],"product_cat":[78],"product_tag":[],"class_list":{"0":"post-5965","1":"product","2":"type-product","3":"status-publish","4":"has-post-thumbnail","6":"product_cat-schornsteine","7":"","9":"first","10":"instock","11":"shipping-taxable","12":"product-type-simple"},"_links":{"self":[{"href":"https:\/\/atritube.com\/de\/wp-json\/wp\/v2\/product\/5965","targetHints":{"allow":["GET"]}}],"collection":[{"href":"https:\/\/atritube.com\/de\/wp-json\/wp\/v2\/product"}],"about":[{"href":"https:\/\/atritube.com\/de\/wp-json\/wp\/v2\/types\/product"}],"replies":[{"embeddable":true,"href":"https:\/\/atritube.com\/de\/wp-json\/wp\/v2\/comments?post=5965"}],"wp:featuredmedia":[{"embeddable":true,"href":"https:\/\/atritube.com\/de\/wp-json\/wp\/v2\/media\/5966"}],"wp:attachment":[{"href":"https:\/\/atritube.com\/de\/wp-json\/wp\/v2\/media?parent=5965"}],"wp:term":[{"taxonomy":"product_brand","embeddable":true,"href":"https:\/\/atritube.com\/de\/wp-json\/wp\/v2\/product_brand?post=5965"},{"taxonomy":"product_cat","embeddable":true,"href":"https:\/\/atritube.com\/de\/wp-json\/wp\/v2\/product_cat?post=5965"},{"taxonomy":"product_tag","embeddable":true,"href":"https:\/\/atritube.com\/de\/wp-json\/wp\/v2\/product_tag?post=5965"}],"curies":[{"name":"wp","href":"https:\/\/api.w.org\/{rel}","templated":true}]}}