{"id":5963,"date":"2019-01-02T16:29:08","date_gmt":"2019-01-02T14:29:08","guid":{"rendered":"https:\/\/atritube.gr\/product\/konzentrische\/"},"modified":"2020-12-08T16:20:30","modified_gmt":"2020-12-08T14:20:30","slug":"konzentrische","status":"publish","type":"product","link":"https:\/\/atritube.com\/de\/produkt\/konzentrische\/","title":{"rendered":"Konzentrische"},"content":{"rendered":"","protected":false},"excerpt":{"rendered":"<p>Die Serie umfasst doppelwandige Abz\u00fcge und Zubeh\u00f6r aus Edelstahl mit beabstandetem Innen- und Au\u00dfenrohr zur Frischluftzufuhr (LAS) f\u00fcr den Bau von Abgassystemen f\u00fcr die Erdgasverbrennung.<\/p>\n<p>Die Abz\u00fcge und das Zubeh\u00f6r k\u00f6nnen mit einer Vielzahl weiterer Zubeh\u00f6rteile aus dem <strong>ZUBEH\u00d6R\u00a0| SERIE ATRITUBE AC<\/strong> kombiniert werden.<\/p>\n","protected":false},"featured_media":5086,"comment_status":"closed","ping_status":"closed","template":"","meta":[],"product_brand":[],"product_cat":[78],"product_tag":[],"class_list":{"0":"post-5963","1":"product","2":"type-product","3":"status-publish","4":"has-post-thumbnail","6":"product_cat-schornsteine","7":"","9":"first","10":"instock","11":"shipping-taxable","12":"product-type-simple"},"_links":{"self":[{"href":"https:\/\/atritube.com\/de\/wp-json\/wp\/v2\/product\/5963","targetHints":{"allow":["GET"]}}],"collection":[{"href":"https:\/\/atritube.com\/de\/wp-json\/wp\/v2\/product"}],"about":[{"href":"https:\/\/atritube.com\/de\/wp-json\/wp\/v2\/types\/product"}],"replies":[{"embeddable":true,"href":"https:\/\/atritube.com\/de\/wp-json\/wp\/v2\/comments?post=5963"}],"wp:featuredmedia":[{"embeddable":true,"href":"https:\/\/atritube.com\/de\/wp-json\/wp\/v2\/media\/5086"}],"wp:attachment":[{"href":"https:\/\/atritube.com\/de\/wp-json\/wp\/v2\/media?parent=5963"}],"wp:term":[{"taxonomy":"product_brand","embeddable":true,"href":"https:\/\/atritube.com\/de\/wp-json\/wp\/v2\/product_brand?post=5963"},{"taxonomy":"product_cat","embeddable":true,"href":"https:\/\/atritube.com\/de\/wp-json\/wp\/v2\/product_cat?post=5963"},{"taxonomy":"product_tag","embeddable":true,"href":"https:\/\/atritube.com\/de\/wp-json\/wp\/v2\/product_tag?post=5963"}],"curies":[{"name":"wp","href":"https:\/\/api.w.org\/{rel}","templated":true}]}}