{"id":5961,"date":"2019-01-02T16:13:48","date_gmt":"2019-01-02T14:13:48","guid":{"rendered":"https:\/\/atritube.gr\/product\/doppelwandige\/"},"modified":"2020-12-08T16:14:17","modified_gmt":"2020-12-08T14:14:17","slug":"doppelwandige","status":"publish","type":"product","link":"https:\/\/atritube.com\/de\/produkt\/doppelwandige\/","title":{"rendered":"Doppelwandige"},"content":{"rendered":"","protected":false},"excerpt":{"rendered":"<p>Die Serie umfasst ged\u00e4mmte doppelwandige Abz\u00fcge und Zubeh\u00f6r aus Edelstahl f\u00fcr den Bau von Abgassystemen.<\/p>\n<p>Die Abz\u00fcge und das Zubeh\u00f6r k\u00f6nnen mit einer Vielzahl weiterer Zubeh\u00f6rteile aus dem <strong>ZUBEH\u00d6R\u00a0| SERIE ATRITUBE AC<\/strong> kombiniert werden.<\/p>\n<p>Die Serie der Schornsteine <strong>ATRITUBE CH<\/strong> hat alle von der europ\u00e4ischen<strong> Bauprodukte-Verordnung 305\/2011\/EU<\/strong> vorgesehenen n\u00f6tigen Kontrollen durchlaufen und gen\u00fcgt s\u00e4mtlichen Vorschriften und Bedingungen f\u00fcr die CE-Kennzeichnung gem\u00e4\u00df <strong>Anhang\u00a0ZA<\/strong> der harmonisierten Normen <strong>EN\u00a01856-1 und 1856-2.<\/strong><\/p>\n","protected":false},"featured_media":5081,"comment_status":"closed","ping_status":"closed","template":"","meta":[],"product_brand":[],"product_cat":[78],"product_tag":[],"class_list":{"0":"post-5961","1":"product","2":"type-product","3":"status-publish","4":"has-post-thumbnail","6":"product_cat-schornsteine","7":"","9":"first","10":"instock","11":"shipping-taxable","12":"product-type-simple"},"_links":{"self":[{"href":"https:\/\/atritube.com\/de\/wp-json\/wp\/v2\/product\/5961","targetHints":{"allow":["GET"]}}],"collection":[{"href":"https:\/\/atritube.com\/de\/wp-json\/wp\/v2\/product"}],"about":[{"href":"https:\/\/atritube.com\/de\/wp-json\/wp\/v2\/types\/product"}],"replies":[{"embeddable":true,"href":"https:\/\/atritube.com\/de\/wp-json\/wp\/v2\/comments?post=5961"}],"wp:featuredmedia":[{"embeddable":true,"href":"https:\/\/atritube.com\/de\/wp-json\/wp\/v2\/media\/5081"}],"wp:attachment":[{"href":"https:\/\/atritube.com\/de\/wp-json\/wp\/v2\/media?parent=5961"}],"wp:term":[{"taxonomy":"product_brand","embeddable":true,"href":"https:\/\/atritube.com\/de\/wp-json\/wp\/v2\/product_brand?post=5961"},{"taxonomy":"product_cat","embeddable":true,"href":"https:\/\/atritube.com\/de\/wp-json\/wp\/v2\/product_cat?post=5961"},{"taxonomy":"product_tag","embeddable":true,"href":"https:\/\/atritube.com\/de\/wp-json\/wp\/v2\/product_tag?post=5961"}],"curies":[{"name":"wp","href":"https:\/\/api.w.org\/{rel}","templated":true}]}}