{"id":5998,"date":"2019-05-23T14:24:26","date_gmt":"2019-05-23T11:24:26","guid":{"rendered":"https:\/\/atritube.gr\/%cf%8c%cf%81%ce%bf%ce%b9-%cf%87%cf%81%ce%ae%cf%83%ce%b7%cf%82\/"},"modified":"2020-12-09T10:26:58","modified_gmt":"2020-12-09T08:26:58","slug":"nutzungsbedingungen","status":"publish","type":"page","link":"https:\/\/atritube.com\/de\/nutzungsbedingungen\/","title":{"rendered":"Nutzungsbedingungen"},"content":{"rendered":"<h1>Nutzungsbedingungen<\/h1>\n<div class=\"ContentPadding\">\n<p>\u201eATRITUBE HVAC Products\u201c G. Ioannidis &amp; Co. P.C.C., Eigent\u00fcmerin der Websites atritube.gr, atritube.com und atriumhvac.gr, nachfolgend die Websites von ATRITUBE, bietet seine Dienstleistungen gem\u00e4\u00df den nachfolgenden Nutzungsbedingungen an. Der Besucher\u00a0\/ Nutzer der Seiten der Website sollte sie aufmerksam durchlesen und die Seiten\u00a0\/ Dienstleistungen der Websites von ATRITUBE nur dann besuchen\u00a0\/ nutzen, wenn er in vollem Umfang damit einverstanden ist.<\/p>\n<h3>Einf\u00fchrung<\/h3>\n<p>\u201eATRITUBE HVAC Products\u201c G. Ioannidis &amp; Co. P.C.C. bietet den Besuchern\u00a0\/ Nutzern der Websites von ATRITUBE eine Reihe von Dienstleistungen, Seiten, Optionen und\/oder Quellen. Die bereits bestehenden oder neue Dienstleistungen, die in die Websites von ATRITUBE einbezogen werden, unterliegen diesen Nutzungsbedingungen, es sei denn, es wird ausdr\u00fccklich etwas anderes erkl\u00e4rt. Der Besucher\u00a0\/ Nutzer der Dienstleistungen der Websites von ATRITUBE versteht und anerkennt, dass s\u00e4mtliche Seiten\u00a0\/ Dienstleistungen \u201ewie vorliegend\u201c bereitgestellt werden, und die Websites von ATRITUBE lehnen jegliche Haftung f\u00fcr die zeitliche Begrenzung, L\u00f6schung, mangelhafte Wiedergabe oder Nichtspeicherung von Daten der Nutzer und\/oder Inhalten pers\u00f6nlicher Seiten\/Dienstleistungen ab. Der Besucher\u00a0\/ Nutzer ist f\u00fcr den Zugriff auf die Dienstleistungen der Websites von ATRITUBE verantwortlich. Des Weiteren ist der Besucher\u00a0\/ Nutzer ausschlie\u00dflich verantwortlich f\u00fcr seine pers\u00f6nliche Ausr\u00fcstung mit den erforderlichen technischen Mitteln, die ihm den Zugang zu den Dienstleistungen der Websites von ATRITUBE erm\u00f6glichen.<\/p>\n<h3>Registrierung<\/h3>\n<p>Ein Besucher\u00a0\/ Nutzer, der sich f\u00fcr eine oder mehrere Dienstleistungen der Websites von ATRITUBE registrieren lassen m\u00f6chte, stimmt zu:<\/p>\n<ul>\n<li>wahrheitsgem\u00e4\u00dfe, genaue und vollst\u00e4ndige Angaben zu den Daten zu machen, die in den entsprechenden Antr\u00e4gen der Websites von ATRITUBE f\u00fcr den Zugriff auf Inhalte\/Dienstleistungen verlangt werden, und<\/li>\n<li>seine Zugangsdaten sorgf\u00e4ltig zu f\u00fchren und zu aktualisieren, so dass sie wahrheitsgem\u00e4\u00df, genau, g\u00fcltig, aktuell und vollst\u00e4ndig sind.<\/li>\n<\/ul>\n<h3>Rechte an geistigem und gewerblichem Eigentum\u00a0\u2013 Schutzmarken<\/h3>\n<p>Abgesehen von den ausdr\u00fccklich angef\u00fchrten Ausnahmen (geistiges Eigentum von Dritten, Partnern und Tr\u00e4gern) sind s\u00e4mtliche Inhalte der Websites von ATRITUBE, einschlie\u00dflich Bildern, Grafiken, Fotos, Zeichnungen, Texten, angebotenen Dienstleistungen und allgemein allen Dateien dieser Websites, geistiges Eigentum, Schutz- und Dienstleistungsmarken der Websites von ATRITUBE und sind durch die entsprechenden Vorschriften des griechischen und europ\u00e4ischen Rechts sowie der internationalen Abkommen und Vertr\u00e4ge gesch\u00fctzt. Folglich kann nichts davon, ganz oder in Teilen, in irgendeiner Weise verkauft, kopiert, modifiziert, reproduziert, neu ver\u00f6ffentlicht oder \u201ehochgeladen\u201c, \u00fcbertragen oder weitergegeben werden. Ausgenommen sind F\u00e4lle der vereinzelten Speicherung ausschlie\u00dflich einer Kopie eines Teils eines Inhalts auf einem einfachen pers\u00f6nlichen Computer zum pers\u00f6nlichen und nicht\u00f6ffentlichen Gebrauch und ohne die L\u00f6schung des Herkunftsnachweises der Websites von ATRITUBE oder die Verletzung der entsprechenden Rechte am geistigen und gewerblichen Eigentum in irgendeiner Weise. Die \u00fcbrigen Produkte und Dienstleistungen, die auf den digitalen Seiten der vorliegenden Website aufgef\u00fchrt werden und die Marken der entsprechenden Organisationen, Unternehmen, Partner, Vereinigungen oder Ver\u00f6ffentlichungen f\u00fchren, sind deren geistiges und gewerbliches Eigentum und unterliegen folglich der Verantwortung dieser Tr\u00e4ger. Der Nutzer\u00a0\/ das Mitglied versteht und anerkennt, dass ihm das Recht, den Inhalt der Websites von ATRITUBE ganz oder in Teilen zu reproduzieren, zu kopieren, zu ver\u00e4u\u00dfern, weiterzuverkaufen und\/oder kommerziell in irgendeiner Weise zu nutzen, nicht einger\u00e4umt wird.<\/p>\n<h3>Haftungsbeschr\u00e4nkung<\/h3>\n<p>Angesichts der Natur und des Umfangs des Internets, sind die Websites von ATRITUBE unter keinen Umst\u00e4nden, einschlie\u00dflich F\u00e4llen von Fahrl\u00e4ssigkeit, f\u00fcr Sch\u00e4den haftbar, die dem Besucher \/ Nutzer \/ Mitglied der Seiten, Dienstleistungen und Inhalte der Websites von ATRITUBE entstehen k\u00f6nnen, auf die er aus eigenen St\u00fccken zugreift. Die Inhalte der Websites von ATRITUBE werden \u201egenau wie vorliegend\u201c bereitgestellt, ohne irgendeine ausdr\u00fcckliche oder implizite Garantie. Die Websites von ATRITUBE lehnen im h\u00f6chsten Ma\u00dfe und gem\u00e4\u00df dem Gesetz s\u00e4mtliche ausdr\u00fccklichen oder impliziten Garantien ab, einschlie\u00dflich, jedoch ohne darauf beschr\u00e4nkt zu sein, solche, die eine allgemeine oder besondere Handels- und Gebrauchstauglichkeit gew\u00e4hrleisten. Die Websites von ATRITUBE garantieren nicht, dass die Seiten, die Dienstleistungen, die Optionen und die Inhalte ohne Unterbrechung oder Fehler verf\u00fcgbar sind oder dass die Fehler berichtigt werden. Des Weiteren garantieren die Websites von ATRITUBE nicht, dass diese oder jede andere zugeh\u00f6rige Website oder die Server, durch die diese den Nutzern\u00a0\/ Mitgliedern zur Verf\u00fcgung gestellt werden, frei von Viren und anderer Schadsoftware sind. Die Websites von ATRITUBE garantieren in keinem Fall die Richtigkeit, Vollst\u00e4ndigkeit und Verf\u00fcgbarkeit von Inhalten, Seiten, Dienstleistungen, Optionen oder deren Ergebnissen. Die Kosten f\u00fcr gegebenenfalls erforderliche Korrekturen oder Serviceleistungen sind vom Besucher\u00a0\/ Nutzer und keinesfalls von den Websites von ATRITUBE zu tragen.<\/p>\n<h3>Haftungsausschluss f\u00fcr Informationen\/Ratschl\u00e4ge<\/h3>\n<p>Die auf den Websites von ATRITUBE enthaltenen Inhalte und Informationen stellen ein Angebot an den Besucher\u00a0\/ Nutzer der Websites von ATRITUBE und allgemein die Gemeinschaft der Internetnutzer dar und k\u00f6nnen in keiner Weise als verbindliche Informationen und\/oder Ratschl\u00e4ge oder als Anreiz zur Ausf\u00fchrung oder Unterlassung bestimmter Handlungen gelten. Die Websites von ATRITUBE \u00fcbernehmen die Sammlung, Bearbeitung und Weitergabe dieser Inhalte, ohne jedoch in irgendeiner Weise deren Richtigkeit, Vollst\u00e4ndigkeit, Angemessenheit und allgemeine Eignung oder die Freiheit von Fehlern zu gew\u00e4hrleisten. Folglich \u00fcbernehmen die Besucher\u00a0\/ Nutzer der Websites von ATRITUBE, die deren Dienstleistungen aus eigenen St\u00fccken in Anspruch nehmen, auch die entsprechende Verantwortung f\u00fcr die \u00dcberpr\u00fcfung der gew\u00e4hrten Informationen.<\/p>\n<h3>Links zu anderen Sites<\/h3>\n<p>Die Websites von ATRITUBE \u00fcberpr\u00fcfen nicht die Verf\u00fcgbarkeit, den Inhalt, die Datenschutzpolitik, die Qualit\u00e4t und die Vollst\u00e4ndigkeit der Dienstleistungen anderer Websites und Seiten, zu denen \u00fcber Links, Hyperlinks und Werbebanner weitergeleitet wird. Folglich muss sich der Nutzer bei Problemen w\u00e4hrend des Besuchs\u00a0\/ der Nutzung direkt an die entsprechenden Websites und Seiten wenden, die f\u00fcr die Bereitstellung ihrer Dienstleistungen im vollen Umfang selbst verantwortlich sind. Es ist keinesfalls anzunehmen, dass sich die Websites von ATRITUBE die Inhalte oder Dienstleistungen der Websites und Seiten, auf die weitergeleitet wird, zu eigen machen oder diese akzeptieren oder dass sie in irgendeiner anderen Weise mit diesen Websites und Seiten in Verbindung stehen.<\/p>\n<h3>Befragungen<\/h3>\n<p>Die Websites von ATRITUBE gew\u00e4hren den Besuchern\u00a0\/ Nutzern ihrer Dienstleistungen die M\u00f6glichkeit, an Befragungen zu Themen teilzunehmen, die als Fragen formuliert werden. Die Antworten der Befragten werden von den Websites von ATRITUBE zum Zweck der Schlussfolgerungen bez\u00fcglich der Position der \u00d6ffentlichkeit in der betreffenden zur Abstimmung gestellten Frage aufgezeichnet, analysiert und kommentiert. Die Websites von ATRITUBE behalten sich das ausschlie\u00dfliche Recht vor, diese Daten zu sammeln und zu nutzen, und die Schlussfolgerungen, zu denen sie gelangen, sind ihr geistiges Eigentum. Die Websites von ATRITUBE legen die besonderen Bedingungen f\u00fcr die Teilnahme an einer Befragung fest und behalten sich das Recht vor, eine Befragung abzubrechen.<\/p>\n<h3>Geltendes Recht und sonstige Bedingungen<\/h3>\n<p>Die vorstehenden allgemeinen Gesch\u00e4ftsbedingungen der Websites von ATRITUBE wie auch deren \u00c4nderungen unterliegen dem griechischen Recht, dem Recht der Europ\u00e4ischen Union und den internationalen Vertr\u00e4gen und werden durch diese erg\u00e4nzt. Jede rechtswidrige Vorschrift der vorstehenden Bedingungen verliert automatisch ihre G\u00fcltigkeit und wird aus dem vorliegenden Text gestrichen, ohne dass dadurch die Geltung der \u00fcbrigen Bedingungen betroffen w\u00e4re. Der vorliegende Text ist der Gesamtvertrag zwischen den Websites von ATRITUBE und dem Besucher\u00a0\/ Nutzer der Seiten und Dienstleistungen und ist ausschlie\u00dflich f\u00fcr diese bindend. \u00c4nderungen dieser Bedingungen werden nicht ber\u00fccksichtigt und sind nicht Teil dieses Vertrages, wenn sie nicht schriftlich formuliert und in diesen einbezogen sind.<\/p>\n<\/div>\n","protected":false},"excerpt":{"rendered":"<p>Nutzungsbedingungen \u201eATRITUBE HVAC Products\u201c G. Ioannidis &amp; Co. P.C.C., Eigent\u00fcmerin der Websites atritube.gr, atritube.com und atriumhvac.gr, nachfolgend die Websites von ATRITUBE, bietet seine Dienstleistungen gem\u00e4\u00df den nachfolgenden Nutzungsbedingungen an. Der Besucher\u00a0\/ Nutzer der Seiten der Website sollte sie aufmerksam durchlesen und die Seiten\u00a0\/ Dienstleistungen der Websites von ATRITUBE nur dann besuchen\u00a0\/ nutzen, wenn er in [&hellip;]<\/p>\n","protected":false},"author":2,"featured_media":0,"parent":0,"menu_order":0,"comment_status":"closed","ping_status":"closed","template":"","meta":{"footnotes":""},"class_list":["post-5998","page","type-page","status-publish","hentry","no-thumb"],"_links":{"self":[{"href":"https:\/\/atritube.com\/de\/wp-json\/wp\/v2\/pages\/5998","targetHints":{"allow":["GET"]}}],"collection":[{"href":"https:\/\/atritube.com\/de\/wp-json\/wp\/v2\/pages"}],"about":[{"href":"https:\/\/atritube.com\/de\/wp-json\/wp\/v2\/types\/page"}],"author":[{"embeddable":true,"href":"https:\/\/atritube.com\/de\/wp-json\/wp\/v2\/users\/2"}],"replies":[{"embeddable":true,"href":"https:\/\/atritube.com\/de\/wp-json\/wp\/v2\/comments?post=5998"}],"version-history":[{"count":3,"href":"https:\/\/atritube.com\/de\/wp-json\/wp\/v2\/pages\/5998\/revisions"}],"predecessor-version":[{"id":6005,"href":"https:\/\/atritube.com\/de\/wp-json\/wp\/v2\/pages\/5998\/revisions\/6005"}],"wp:attachment":[{"href":"https:\/\/atritube.com\/de\/wp-json\/wp\/v2\/media?parent=5998"}],"curies":[{"name":"wp","href":"https:\/\/api.w.org\/{rel}","templated":true}]}}