{"id":5995,"date":"2019-05-23T14:28:49","date_gmt":"2019-05-23T11:28:49","guid":{"rendered":"https:\/\/atritube.gr\/%cf%80%cf%81%ce%bf%cf%83%cf%84%ce%b1%cf%83%ce%af%ce%b1-%cf%80%cf%81%ce%bf%cf%83%cf%89%cf%80%ce%b9%ce%ba%cf%8e%ce%bd-%ce%b4%ce%b5%ce%b4%ce%bf%ce%bc%ce%ad%ce%bd%cf%89%ce%bd\/"},"modified":"2020-12-09T10:17:55","modified_gmt":"2020-12-09T08:17:55","slug":"datenschutz","status":"publish","type":"page","link":"https:\/\/atritube.com\/de\/datenschutz\/","title":{"rendered":"Datenschutz"},"content":{"rendered":"<div id=\"plc_lt_zoneContent_pnlUpdate\">\n<h1>Datenschutz<\/h1>\n<div class=\"ContentPadding\">\n<h3>Einf\u00fchrung<\/h3>\n<p>Die vorliegende Datenschutzvereinbarung deckt s\u00e4mtliche personenbezogenen Daten der Besucher\u00a0\/ Nutzer\u00a0\/ Mitglieder ab, die von \u201eATRITUBE HVAC Products\u201c G. Ioannidis &amp; Co. P.C.C. w\u00e4hrend des Besuchs und der Nutzung der Dienstleistungen und der Seiten der Websites atritube.gr, atritube.com und atriumhvac.gr, nachfolgend die Websites von ATRITUBE, gesammelt werden. Des Weiteren deckt diese Vereinbarung die Voraussetzungen f\u00fcr die Sammlung, Bearbeitung und Verwaltung der personenbezogenen Daten der Besucher\u00a0\/ Nutzer\u00a0\/ Mitglieder der Websites von ATRITUBE durch die mit diesen gegebenenfalls verbundenen Unternehmen ab. Die Vorliegende Vereinbarung deckt keinesfalls die Beziehung zwischen den Besuchern\u00a0\/ Nutzern\u00a0\/ Mitgliedern der Websites von ATRITUBE und Dienstleistungen ab, die nicht der Kontrolle und\/oder dem Eigentum der Websites von ATRITUBE unterliegen.<br \/>\nAngesichts der Natur und des Umfangs des Internets, sind die Websites von ATRITUBE unter keinen Umst\u00e4nden, einschlie\u00dflich F\u00e4llen von Fahrl\u00e4ssigkeit, f\u00fcr Sch\u00e4den haftbar, die dem Besucher\u00a0\/ Nutzer\u00a0\/ Mitglied der Seiten, Dienstleistungen und Inhalte der Websites von ATRITUBE entstehen k\u00f6nnen, auf die er aus eigenen St\u00fccken und in Kenntnis der Bedingungen der vorliegenden Vereinbarung zugreift.<\/p>\n<h3>Sammlung und Verwendung von Daten<\/h3>\n<p>Die Websites von ATRITUBE sammeln Daten, wenn:<\/p>\n<ul>\n<li>sich der Besucher\u00a0\/ Nutzer\u00a0\/ das Mitglied f\u00fcr ihre Dienstleistungen anmeldet<\/li>\n<li>er ihre Produkte und\/oder Dienstleistungen nutzt und<\/li>\n<li>er ihre Seiten besucht und\/oder auf ihre Promotion-\u00a0\/ Werbeprogramme zugreift.<\/li>\n<\/ul>\n<p>Bei der Anmeldung des Besuchers\u00a0\/ Nutzers f\u00fcr die Newsletter der Websites von ATRITUBE ist die erforderliche Information die E.Mail-Adresse. Im Fall einer Kontaktaufnahme sind die erforderlichen Informationen der Vor- und Zuname, die Firma (bei Unternehmen), die E-Mail-Adresse und die Rufnummer. F\u00fcr die Registrierung eines Kunden im E-Shop sind der Vor- und Zuname, die Firma (bei Unternehmen), die E-Mail-Adresse, die Steuernummer und das zust\u00e4ndige Finanzamt, die Anschrift des Wohn- bzw. Firmensitzes sowie die Anschrift f\u00fcr die Zustellung, falls es eine andere ist, n\u00f6tig. Die Websites von ATRIRUBE verwenden die personenbezogenen Daten der Besucher\u00a0\/ Nutzer\u00a0\/ Mitglieder allgemein zu drei Zwecken:<\/p>\n<ul>\n<li>zur informationellen Unterst\u00fctzung ihrer Kunden\u00a0\/ Nutzer und zur Auswahl der angebotenen Inhalte, sodass sie deren allgemeinen Vorlieben entsprechen<\/li>\n<li>zur Befriedigung der jeweiligen Anspr\u00fcche ihrer Kunden\u00a0\/ Nutzer bez\u00fcglich der Dienstleistungen und Produkte, die auf den und durch die Websites von ATRITUBE bereitgestellt werden<\/li>\n<li>zu ihrer Information \u00fcber neue Angebote von Dienstleistungen und Produkten.<\/li>\n<\/ul>\n<h3>Berichtigung und\/oder L\u00f6schung personenbezogener Daten<\/h3>\n<p>Die Websites von ATRITUBE r\u00e4umen den Nutzern\u00a0\/ Mitgliedern das Recht ein, jederzeit ihre personenbezogenen Daten zu l\u00f6schen, zu berichtigen und\/oder zu aktualisieren und\/oder ihre Anmeldung zu inaktivieren, indem sie eine entsprechende Mitteilung an die E-Mail-Adresse der Websites von ATRITUBE schicken.<\/p>\n<h3>Weitergabe und Offenlegung personenbezogener Daten<\/h3>\n<p>\u201eATRITUBE HVAC Products\u201c G. Ioannidis &amp; Co. P.C.C. verpflichtet sich, die personenbezogenen Daten der Besucher\u00a0\/ Nutzer\u00a0\/ Mitglieder nicht an Dritte zu ver\u00e4u\u00dfern, zu vermieten und sie diesen gegen\u00fcber in irgendeiner Weise offenzulegen und\/oder sie an sie weiterzugeben. Die Websites von ATRITUBE d\u00fcrfen die personenbezogenen Daten ihrer Besucher\u00a0\/ Nutzer\u00a0\/ Mitglieder an dritte nat\u00fcrliche und\/oder juristische Personen nur dann weitergeben, wenn:<\/p>\n<ul>\n<li>sie die ausdr\u00fcckliche Genehmigung der Besucher\u00a0\/ Nutzer\u00a0\/ Mitglieder zur Weitergabe von personenbezogenen Daten haben<\/li>\n<li>die Befolgung entsprechender Rechtsvorschriften dies erfordert, und dann nur an die zust\u00e4ndigen Beh\u00f6rden.<\/li>\n<\/ul>\n<h3>Cookies<\/h3>\n<p>Die Websites von ATRITUBE d\u00fcrfen Cookies zur Identifizierung von Besuchern\u00a0\/ Nutzern bestimmter Dienstleistungen und Seiten der Websites von ATRITUBE verwenden. Cookies sind kleine Textdateien, die auf der Festplatte jedes Besuchers\u00a0\/ Nutzers gespeichert werden und keine Kenntnis \u00fcber irgendwelche Dokumente oder Dateien auf seinem Computer erhalten. Sie dienen ausschlie\u00dflich der Erleichterung des Zugangs des Besuchers\u00a0\/ Nutzers zu bestimmten Dienstleistungen der Websites von ATRITUBE und zu statistischen Zwecken, um Bereiche zu bestimmen, in denen die Dienstleistungen der Websites von ATRITUBE n\u00fctzlich oder popul\u00e4r sind, oder zu Zwecken des Marketings. Der Besucher\u00a0\/ Nutzer der Websites von ATRITUBE kann seinen Browser so einstellen, dass dieser ihn entweder \u00fcber die Verwendung von Cookies bei bestimmten Dienstleistungen der Websites von ATRITUBE warnt, oder die Annahme der Verwendung von Cookies in jedem Fall verweigert. Sofern der Besucher\u00a0\/ Nutzer bestimmter Dienstleistungen und Seiten der Websites von ATRITUBE die Verwendung von Cookies zu seiner Identifikation nicht w\u00fcnscht, kann er keinen weiteren Zugang zu diesen Diensten haben.<\/p>\n<h3>Links zu anderen Sites<\/h3>\n<p>Die Websites von ATRIRUBE enthalten Links zu anderen Sites, die nicht von diesen, sondern von Dritten (nat\u00fcrlichen oder juristischen Personen) kontrolliert werden. Die Websites von ATRITUBE tragen keine Verantwortung f\u00fcr die Bedingungen des Schutzes der personenbezogenen Daten der Besucher\u00a0\/ Nutzer, denen diese Dritten unterliegen.<\/p>\n<h3>IP-Adressen<\/h3>\n<p>Die IP-Adresse, durch die der Computer des Besuchers\u00a0\/ Nutzers Zugang zum Internet und in der Folge zu den Websites von ATRITUBE hat, wird aus technischen Gr\u00fcnden aufbewahrt und dient ausschlie\u00dflich der Sammlung statistischer Daten.<\/p>\n<h3>Befragungen<\/h3>\n<p>F\u00fcr die Teilnahme des Besuchers\u00a0\/ Nutzers an einer Befragung, die die Websites von ATRITUBE durchf\u00fchren, werden keine personenbezogenen Daten verlangt. Die Stimme des Besuchers\u00a0\/ Nutzers wird ausschlie\u00dflich f\u00fcr Schlussfolgerungen bez\u00fcglich der Position der \u00d6ffentlichkeit zu einer bestimmten Frage verzeichnet. Die Befragungen und ihre Ergebnisse sind geistiges Eigentum von \u201eATRITUBE HVAC Products\u201c G. Ioannidis &amp; Co. P.C.C.<\/p>\n<h3>Geltendes Recht<\/h3>\n<p>Die Verwaltung und der Schutz der personenbezogenen Daten des Besuchers\u00a0\/ Nutzers der Dienstleistungen der Websites von ATRITUBE unterliegen den Bedingungen des vorliegenden Abschnitts sowie den betreffenden Vorschriften des griechischen Rechts (Ges. 2472\/1997 zum Schutz der Person und zum Schutz personenbezogener Daten, erg\u00e4nzt um die Beschl\u00fcsse des Vorsitzenden der Datenschutzkommission und die Pr\u00e4sidialerl\u00e4sse 207\/1998 und 79\/2000 sowie Ges. 2819\/2000 und Ges. 2774\/1999) und der europ\u00e4ischen Gesetzgebung (Richtlinien 95\/46\/EG und 97\/66\/EG). Die vorliegenden Bedingungen werden unter Ber\u00fccksichtigung sowohl der rasch fortschreitenden Entwicklung des Internets als auch des bestehenden\u00a0\u2013 wenn auch nicht voll entwickelten\u00a0\u2013 Gef\u00fcges von Rechtsvorschriften zu diesen Fragen formuliert. In diesem Zusammenhang wird jede m\u00f6gliche neue diesbez\u00fcgliche Vorschrift Gegenstand des vorliegenden Abschnittes werden. In jedem Fall behalten sich die Websites von ATRITUBE das Recht vor, die Datenschutzbedingungen nach einer Benachrichtigung der Besucher\u00a0\/ Nutzer innerhalb des bestehenden oder eines k\u00fcnftigen Rechtsrahmens zu \u00e4ndern. Falls ein Besucher\u00a0\/ Nutzer mit den vorliegend festgelegten Datenschutzbedingungen nicht einverstanden ist, darf er die Dienstleistungen der Websites von ATRITUBE nicht in Anspruch nehmen.<\/p>\n<\/div>\n<\/div>\n","protected":false},"excerpt":{"rendered":"<p>Datenschutz Einf\u00fchrung Die vorliegende Datenschutzvereinbarung deckt s\u00e4mtliche personenbezogenen Daten der Besucher\u00a0\/ Nutzer\u00a0\/ Mitglieder ab, die von \u201eATRITUBE HVAC Products\u201c G. Ioannidis &amp; Co. P.C.C. w\u00e4hrend des Besuchs und der Nutzung der Dienstleistungen und der Seiten der Websites atritube.gr, atritube.com und atriumhvac.gr, nachfolgend die Websites von ATRITUBE, gesammelt werden. Des Weiteren deckt diese Vereinbarung die Voraussetzungen [&hellip;]<\/p>\n","protected":false},"author":2,"featured_media":0,"parent":0,"menu_order":0,"comment_status":"closed","ping_status":"open","template":"","meta":{"footnotes":""},"class_list":["post-5995","page","type-page","status-publish","hentry","no-thumb"],"_links":{"self":[{"href":"https:\/\/atritube.com\/de\/wp-json\/wp\/v2\/pages\/5995","targetHints":{"allow":["GET"]}}],"collection":[{"href":"https:\/\/atritube.com\/de\/wp-json\/wp\/v2\/pages"}],"about":[{"href":"https:\/\/atritube.com\/de\/wp-json\/wp\/v2\/types\/page"}],"author":[{"embeddable":true,"href":"https:\/\/atritube.com\/de\/wp-json\/wp\/v2\/users\/2"}],"replies":[{"embeddable":true,"href":"https:\/\/atritube.com\/de\/wp-json\/wp\/v2\/comments?post=5995"}],"version-history":[{"count":2,"href":"https:\/\/atritube.com\/de\/wp-json\/wp\/v2\/pages\/5995\/revisions"}],"predecessor-version":[{"id":5997,"href":"https:\/\/atritube.com\/de\/wp-json\/wp\/v2\/pages\/5995\/revisions\/5997"}],"wp:attachment":[{"href":"https:\/\/atritube.com\/de\/wp-json\/wp\/v2\/media?parent=5995"}],"curies":[{"name":"wp","href":"https:\/\/api.w.org\/{rel}","templated":true}]}}