{"id":5933,"date":"2019-05-23T14:29:45","date_gmt":"2019-05-23T11:29:45","guid":{"rendered":"https:\/\/atritube.gr\/%ce%b5%cf%84%ce%b1%ce%b9%cf%81%ce%af%ce%b1\/"},"modified":"2021-08-30T16:38:10","modified_gmt":"2021-08-30T13:38:10","slug":"unternehmen","status":"publish","type":"page","link":"https:\/\/atritube.com\/de\/unternehmen\/","title":{"rendered":"Unternehmen"},"content":{"rendered":"<p>[vc_row][vc_column]<div class=\"mf-empty-space \" style=\"\"><div class=\"mf_empty_space_lg\"  style=\"height: 80px\"><\/div><div class=\"mf_empty_space_md\"  style=\"height: 50px\"><\/div><div class=\"mf_empty_space_xs\"  style=\"height: 50px\"><\/div><\/div>[\/vc_column][\/vc_row][vc_row][vc_column offset=&#8220;vc_col-lg-4 vc_col-md-12&#8243;][vc_single_image image=&#8220;5940&#8243; img_size=&#8220;large&#8220;]<div class=\"mf-empty-space \" style=\"\"><div class=\"mf_empty_space_lg\"  style=\"height: 50px\"><\/div><div class=\"mf_empty_space_md\"  style=\"height: 30px\"><\/div><div class=\"mf_empty_space_xs\"  style=\"height: 30px\"><\/div><\/div>[\/vc_column][vc_column offset=&#8220;vc_col-lg-4 vc_col-md-12&#8243;][vc_custom_heading text=&#8220;Die Geschichte von ATRITUBE beginnt in den 1980er Jahren.&#8220; font_container=&#8220;tag:h2|font_size:20|text_align:left&#8220; use_theme_fonts=&#8220;yes&#8220; el_class=&#8220;fw-medium&#8220; css=&#8220;.vc_custom_1607434615963{margin-top: 0px !important;margin-bottom: 0px !important;}&#8220;]<div class=\"mf-empty-space \" style=\"\"><div class=\"mf_empty_space_lg\"  style=\"height: 20px\"><\/div><div class=\"mf_empty_space_md\"  style=\"height: 20px\"><\/div><div class=\"mf_empty_space_xs\"  style=\"height: 20px\"><\/div><\/div>[vc_column_text]Damals begann der sp\u00e4tere Gr\u00fcnder Giorgos Ioannou in einem f\u00fcr Griechenland innovativen Sektor zu arbeiten, der Klima- und Entl\u00fcftungstechnik. Mit den Jahren kam ein ausgesprochen f\u00e4higes und zuverl\u00e4ssiges Team von Profis zustande, die mit ihrer Erfahrung und ihrem Know-how das Fundament f\u00fcr die Gr\u00fcndung von <strong>ATRITUBE<\/strong> HVAC <strong>Products<\/strong> im Jahr 2004 legten.<\/p>\n<p>Seitdem hat <strong>ATRITUBE<\/strong> gro\u00dfe Fortschritte gemacht. Mit Anlagen auf 8.000 Quadratmetern und Maschinen neuester Technik ist das Unternehmen Vorreiter auf dem griechischen und s\u00fcdosteurop\u00e4ischen Markt und steigert stetig seine weltweiten Exportanteile im Bau und Vertrieb von Schornsteinen und Luftrohren f\u00fcr Klimaanlagen und Entl\u00fcftungen.<\/p>\n<p>Mit Respekt vor den Investitionen der Kunden bietet <strong>ATRITUBE<\/strong> Produkte von herausragendem Design, Funktionalit\u00e4t, Effizienz und Gesamtqualit\u00e4t.[\/vc_column_text]<div class=\"mf-empty-space \" style=\"\"><div class=\"mf_empty_space_lg\"  style=\"height: 25px\"><\/div><div class=\"mf_empty_space_md\"  style=\"height: 25px\"><\/div><div class=\"mf_empty_space_xs\"  style=\"height: 25px\"><\/div><\/div><div class=\"mf-empty-space \" style=\"\"><div class=\"mf_empty_space_lg\"  style=\"height: 15px\"><\/div><div class=\"mf_empty_space_md\"  style=\"height: 15px\"><\/div><div class=\"mf_empty_space_xs\"  style=\"height: 15px\"><\/div><\/div><div class=\"mf-empty-space \" style=\"\"><div class=\"mf_empty_space_lg\"  style=\"height: 50px\"><\/div><div class=\"mf_empty_space_md\"  style=\"height: 30px\"><\/div><div class=\"mf_empty_space_xs\"  style=\"height: 30px\"><\/div><\/div>[\/vc_column][vc_column offset=&#8220;vc_col-lg-4 vc_col-md-12&#8243;][vc_tta_accordion style=&#8220;flat&#8220; shape=&#8220;square&#8220; color=&#8220;white&#8220; c_icon=&#8220;chevron&#8220; active_section=&#8220;2&#8243;][vc_tta_section title=&#8220;Mission&#8220; tab_id=&#8220;1508747151686-14cd83fe-86c0&#8243;][vc_column_text]Die Mission von <strong>ATRITUBE<\/strong> liegt in der Entwicklung technisch innovativer Produkte und im Angebot qualitativer Serviceleistungen bei Anwendungen f\u00fcr Abgasleitungen, Klimatechnik und Entl\u00fcftung, mit dem Ziel, das Lebensumfeld unserer Partner zu verbessern.[\/vc_column_text][\/vc_tta_section][vc_tta_section title=&#8220;Vision&#8220; tab_id=&#8220;1508747188911-376a52e4-45e9&#8243;][vc_column_text]Unsere Vision ist es, <strong>ATRITUBE<\/strong> zu einem Synonym f\u00fcr Abgas-, Klimatechnik- und Entl\u00fcftungssysteme zu machen.[\/vc_column_text][\/vc_tta_section][vc_tta_section title=&#8220;Philosophie&#8220; tab_id=&#8220;1508747186558-5a68f830-d129&#8243;][vc_column_text]Die zentrale Philosophie von <strong>ATRITUBE<\/strong> ist es, seinen Partnern genau das zu bieten, was sie brauchen. Innovative Denkprozesse in Verbindung mit unserem Know-how stehen im Einklang mit den Bed\u00fcrfnissen unserer Partner, um jedem Anspruch gerecht zu werden.[\/vc_column_text][\/vc_tta_section][\/vc_tta_accordion]<div class=\"mf-empty-space \" style=\"\"><div class=\"mf_empty_space_lg\"  style=\"height: 50px\"><\/div><div class=\"mf_empty_space_md\"  style=\"height: 30px\"><\/div><div class=\"mf_empty_space_xs\"  style=\"height: 30px\"><\/div><\/div>[\/vc_column][\/vc_row][vc_row][vc_column]<div class=\"mf-empty-space \" style=\"\"><div class=\"mf_empty_space_lg\"  style=\"height: 80px\"><\/div><div class=\"mf_empty_space_md\"  style=\"height: 50px\"><\/div><div class=\"mf_empty_space_xs\"  style=\"height: 50px\"><\/div><\/div><div class=\"mf-section-title text-left dark large-size \"><h2 >Zertifikate<\/h2><\/div>[\/vc_column][\/vc_row][vc_row][vc_column offset=&#8220;vc_col-lg-4 vc_col-md-12&#8243;]<div class=\"mf-empty-space \" style=\"\"><div class=\"mf_empty_space_lg\"  style=\"height: 80px\"><\/div><div class=\"mf_empty_space_md\"  style=\"height: 50px\"><\/div><div class=\"mf_empty_space_xs\"  style=\"height: 50px\"><\/div><\/div>[vc_single_image image=&#8220;5941&#8243; img_size=&#8220;large&#8220; onclick=&#8220;custom_link&#8220; img_link_target=&#8220;_blank&#8220; link=&#8220;\/wp-content\/uploads\/2020\/07\/Atritube-Dedal-Certificate-0865.pdf&#8220;]<div class=\"mf-empty-space \" style=\"\"><div class=\"mf_empty_space_lg\"  style=\"height: 80px\"><\/div><div class=\"mf_empty_space_md\"  style=\"height: 50px\"><\/div><div class=\"mf_empty_space_xs\"  style=\"height: 50px\"><\/div><\/div>[\/vc_column][vc_column offset=&#8220;vc_col-lg-4 vc_col-md-12&#8243;]<div class=\"mf-empty-space \" style=\"\"><div class=\"mf_empty_space_lg\"  style=\"height: 80px\"><\/div><div class=\"mf_empty_space_md\"  style=\"height: 50px\"><\/div><div class=\"mf_empty_space_xs\"  style=\"height: 50px\"><\/div><\/div>[vc_single_image image=&#8220;5942&#8243; img_size=&#8220;large&#8220; onclick=&#8220;custom_link&#8220; img_link_target=&#8220;_blank&#8220; link=&#8220;\/wp-content\/uploads\/2019\/11\/Atritube_QM15_414194_GR.pdf&#8220;]<div class=\"mf-empty-space \" style=\"\"><div class=\"mf_empty_space_lg\"  style=\"height: 80px\"><\/div><div class=\"mf_empty_space_md\"  style=\"height: 50px\"><\/div><div class=\"mf_empty_space_xs\"  style=\"height: 50px\"><\/div><\/div>[\/vc_column][vc_column offset=&#8220;vc_col-lg-4 vc_col-md-12&#8243;]<div class=\"mf-empty-space \" style=\"\"><div class=\"mf_empty_space_lg\"  style=\"height: 80px\"><\/div><div class=\"mf_empty_space_md\"  style=\"height: 50px\"><\/div><div class=\"mf_empty_space_xs\"  style=\"height: 50px\"><\/div><\/div>[vc_single_image image=&#8220;5943&#8243; img_size=&#8220;large&#8220; onclick=&#8220;custom_link&#8220; img_link_target=&#8220;_blank&#8220; link=&#8220;\/wp-content\/uploads\/2019\/11\/Atritube_IQNet_414194_EN.pdf&#8220;]<div class=\"mf-empty-space \" style=\"\"><div class=\"mf_empty_space_lg\"  style=\"height: 80px\"><\/div><div class=\"mf_empty_space_md\"  style=\"height: 50px\"><\/div><div class=\"mf_empty_space_xs\"  style=\"height: 50px\"><\/div><\/div>[\/vc_column][\/vc_row][vc_row css=&#8220;.vc_custom_1508747702557{background-color: #f2f2f2 !important;}&#8220;][vc_column]<div class=\"mf-empty-space \" style=\"\"><div class=\"mf_empty_space_lg\"  style=\"height: 80px\"><\/div><div class=\"mf_empty_space_md\"  style=\"height: 50px\"><\/div><div class=\"mf_empty_space_xs\"  style=\"height: 50px\"><\/div><\/div><div class=\"mf-section-title text-left dark large-size \"><h2 >Lernen Sie unsere Geschichte kennen<\/h2><\/div><div class=\"mf-history \">\r\n            <div class=\"history-list owl-carousel\" id=\"history-slider-69d6fe23efd61\"><div class=\"history-group\"><div class=\"history\"><div class=\"date\">2004<\/div><div class=\"history-content\"><h3 class=\"title\">Gr\u00fcndung des Unternehmens ATRITUBE HVAC Products<\/h3><\/div><\/div><div class=\"history\"><div class=\"date\">2008<\/div><div class=\"history-content\"><h3 class=\"title\">Erste Teilnahme an einer internationalen Messe <\/h3><\/div><\/div><\/div><div class=\"history-group\"><div class=\"history\"><div class=\"date\">2009<\/div><div class=\"history-content\"><h3 class=\"title\">\u03a0\u03b9\u03c3\u03c4\u03bf\u03c0\u03bf\u03af\u03b7\u03c3\u03b7 DIN EN ISO 9001 & \u03c3\u03ae\u03bc\u03b1\u03bd\u03c3\u03b7 CE \u03c3\u03cd\u03bc\u03c6\u03c9\u03bd\u03b1 \u03bc\u03b5 \u03c4\u03b1 \u03c0\u03c1\u03cc\u03c4\u03c5\u03c0\u03b1 EN1856-1 & EN1856-2<\/h3><\/div><\/div><div class=\"history\"><div class=\"date\">2010<\/div><div class=\"history-content\"><h3 class=\"title\">Beginn der Exporte <\/h3><\/div><\/div><\/div><div class=\"history-group\"><div class=\"history\"><div class=\"date\">2017<\/div><div class=\"history-content\"><h3 class=\"title\">Ein Meilenstein ist erreicht\u00a0\u2013 20 Exportl\u00e4nder <\/h3><\/div><\/div><div class=\"history\"><div class=\"date\">2018<\/div><div class=\"history-content\"><h3 class=\"title\">Erweiterung der Anlagen auf 8.000\u00a0m\u00b2 <\/h3><\/div><\/div><\/div><div class=\"history-group\"><div class=\"history\"><div class=\"date\">2019<\/div><div class=\"history-content\"><h3 class=\"title\">Die Exporte machen 50\u00a0% des Umsatzes aus <\/h3><\/div><\/div><\/div><\/div>\r\n        <\/div><div class=\"mf-empty-space \" style=\"\"><div class=\"mf_empty_space_lg\"  style=\"height: 80px\"><\/div><div class=\"mf_empty_space_md\"  style=\"height: 50px\"><\/div><div class=\"mf_empty_space_xs\"  style=\"height: 50px\"><\/div><\/div>[\/vc_column][\/vc_row][vc_row][vc_column]<div class=\"mf-empty-space \" style=\"\"><div class=\"mf_empty_space_lg\"  style=\"height: 80px\"><\/div><div class=\"mf_empty_space_md\"  style=\"height: 50px\"><\/div><div class=\"mf_empty_space_xs\"  style=\"height: 50px\"><\/div><\/div><div class=\"mf-section-title text-center dark large-size \"><h2 >Warum ATRITUBE ...<\/h2><\/div><div class=\"mf-empty-space \" style=\"\"><div class=\"mf_empty_space_lg\"  style=\"height: 55px\"><\/div><div class=\"mf_empty_space_md\"  style=\"height: 30px\"><\/div><div class=\"mf_empty_space_xs\"  style=\"height: 30px\"><\/div><\/div>[vc_row_inner][vc_column_inner offset=&#8220;vc_col-lg-6 vc_col-md-6&#8243;]<div class=\"mf-icon-box icon_type-image icon_style-normal icon_position-left icon_size-large box-dark gmcc-icons-bg\"><img loading=\"lazy\" decoding=\"async\" width=\"70\" height=\"71\" src=\"https:\/\/atritube.com\/wp-content\/uploads\/2019\/05\/ATRITUBE_ICONS_QUALITY.png\" class=\"img-icon\" alt=\"\" \/><div class=\"box-wrapper\"><h2 class=\"box-title\"><a href=\"#\" title=\"Clean Unpolluted\">QUALIT\u00c4T<\/a><\/h2><div class=\"desc\">&#8230;\u00a0weil wir stets h\u00f6chste Qualit\u00e4t nach den strengsten und anspruchsvollsten Normen wahren. Von der Auswahl der Rohstoffe bis zu innovativen Montagetechniken bem\u00fchen wir uns jederzeit um ein H\u00f6chstma\u00df an Pr\u00e4zision.<\/div><\/div><\/div>[\/vc_column_inner][vc_column_inner offset=&#8220;vc_col-lg-6 vc_col-md-6&#8243;]<div class=\"mf-icon-box icon_type-image icon_style-normal icon_position-left icon_size-large box-dark gmcc-icons-bg\"><img loading=\"lazy\" decoding=\"async\" width=\"71\" height=\"71\" src=\"https:\/\/atritube.com\/wp-content\/uploads\/2019\/05\/ATRITUBE_ICONS_EQUIPMENT.png\" class=\"img-icon\" alt=\"\" \/><div class=\"box-wrapper\"><h2 class=\"box-title\"><a href=\"#\" title=\"Clean Unpolluted\">MODERNE ANLAGEN<\/a><\/h2><div class=\"desc\">&#8230;\u00a0weil wir in moderne Maschinen und Software investieren, die zur Steigerung unserer Produktivit\u00e4t, zur Aufwertung unserer Produktpalette und zur Sicherung einer un\u00fcbertroffenen Qualit\u00e4t beitragen. Die technische \u00dcberlegenheit von <strong>ATRITUBE<\/strong> erm\u00f6glicht die Umsetzung von L\u00f6sungen f\u00fcr komplexe Anwendungen, die mit \u201ema\u00dfgeschneiderten\u201c Produkten an die Bed\u00fcrfnisse der anspruchsvollsten Kunden angepasst werden k\u00f6nnen.<\/div><\/div><\/div>[\/vc_column_inner][\/vc_row_inner]<div class=\"mf-empty-space \" style=\"\"><div class=\"mf_empty_space_lg\"  style=\"height: 38px\"><\/div><div class=\"mf_empty_space_md\"  style=\"height: 30px\"><\/div><div class=\"mf_empty_space_xs\"  style=\"height: 30px\"><\/div><\/div>[vc_row_inner][vc_column_inner offset=&#8220;vc_col-lg-6 vc_col-md-6&#8243;]<div class=\"mf-icon-box icon_type-image icon_style-normal icon_position-left icon_size-large box-dark gmcc-icons-bg\"><img loading=\"lazy\" decoding=\"async\" width=\"71\" height=\"71\" src=\"https:\/\/atritube.com\/wp-content\/uploads\/2019\/05\/ATRITUBE_ICONS_SAFETY.png\" class=\"img-icon\" alt=\"\" \/><div class=\"box-wrapper\"><h2 class=\"box-title\"><a href=\"#\" title=\"Lasting &amp; Long Term\">SICHERHEIT<\/a><\/h2><div class=\"desc\">&#8230;\u00a0weil Sicherheit ein fester Bestandteil unserer Politik ist. Wir setzen durch stetige Weiterbildung des Personals eine interne Politik zum Schutz des Wohlergehens unserer Mitarbeiter um und bieten ein sicheres Arbeitsumfeld unter Befolgung aller geltenden Gesetze und Verordnungen.<\/div><\/div><\/div>[\/vc_column_inner][vc_column_inner offset=&#8220;vc_col-lg-6 vc_col-md-6&#8243;]<div class=\"mf-icon-box icon_type-image icon_style-normal icon_position-left icon_size-large box-dark gmcc-icons-bg\"><img loading=\"lazy\" decoding=\"async\" width=\"70\" height=\"71\" src=\"https:\/\/atritube.com\/wp-content\/uploads\/2019\/05\/ATRITUBE_ICONS_MATERIALS.png\" class=\"img-icon\" alt=\"\" \/><div class=\"box-wrapper\"><h2 class=\"box-title\"><a href=\"#\" title=\"Lasting &amp; Long Term\">ROHSTOFFE<\/a><\/h2><div class=\"desc\">&#8230;\u00a0weil wir nur zertifizierte Materialien erster Wahl einsetzen, die den sicheren Gebrauch des Produkts und eine lange Lebensdauer garantieren. Alle von uns gew\u00e4hlten Rohstoffe verf\u00fcgen \u00fcber Qualit\u00e4tszertifikate der Lieferanten.<\/div><\/div><\/div>[\/vc_column_inner][\/vc_row_inner]<div class=\"mf-empty-space \" style=\"\"><div class=\"mf_empty_space_lg\"  style=\"height: 38px\"><\/div><div class=\"mf_empty_space_md\"  style=\"height: 30px\"><\/div><div class=\"mf_empty_space_xs\"  style=\"height: 30px\"><\/div><\/div>[vc_row_inner][vc_column_inner offset=&#8220;vc_col-lg-6 vc_col-md-6&#8243;]<div class=\"mf-icon-box icon_type-image icon_style-normal icon_position-left icon_size-large box-dark gmcc-icons-bg\"><img loading=\"lazy\" decoding=\"async\" width=\"71\" height=\"71\" src=\"https:\/\/atritube.com\/wp-content\/uploads\/2019\/05\/ATRITUBE_ICONS_PEOPLE.png\" class=\"img-icon\" alt=\"\" \/><div class=\"box-wrapper\"><h2 class=\"box-title\"><a href=\"#\" title=\"Easy and Affortable\">HUMANPOTENZIAL<\/a><\/h2><div class=\"desc\">&#8230;\u00a0wegen unserer Mitarbeiter, die aufgrund ihrer Erfahrung und fachlichen Qualifikation h\u00f6chsten Anspr\u00fcchen gen\u00fcgen k\u00f6nnen. Das Team von <strong>ATRITUBE<\/strong> bietet technischen Support vor und nach dem Verkauf.<\/div><\/div><\/div><div class=\"mf-empty-space \" style=\"\"><div class=\"mf_empty_space_lg\"  style=\"height: 80px\"><\/div><div class=\"mf_empty_space_md\"  style=\"height: 50px\"><\/div><div class=\"mf_empty_space_xs\"  style=\"height: 50px\"><\/div><\/div>[\/vc_column_inner][vc_column_inner offset=&#8220;vc_col-lg-6 vc_col-md-6&#8243;]<div class=\"mf-icon-box icon_type-image icon_style-normal icon_position-left icon_size-large box-dark gmcc-icons-bg\"><img loading=\"lazy\" decoding=\"async\" width=\"71\" height=\"71\" src=\"https:\/\/atritube.com\/wp-content\/uploads\/2019\/05\/ATRITUBE_ICONS_SERVICES.png\" class=\"img-icon\" alt=\"ATRITUBE_ICONS_SERVICES\" \/><div class=\"box-wrapper\"><h2 class=\"box-title\"><a href=\"#\" title=\"Easy and Affortable\">INTEGRIERTE DIENSTLEISTUNGEN<\/a><\/h2><div class=\"desc\">&#8230;\u00a0weil sich alle Werte bei <strong>ATRITUBE<\/strong> um die Zufriedenheit unserer Partner drehen, denen wir integrierte Dienstleistungen vom Entwurf und der Planung bis zur Montage, Beaufsichtigung und Realisierung jedes anstehenden Projekts anbieten.<\/div><\/div><\/div><div class=\"mf-empty-space \" style=\"\"><div class=\"mf_empty_space_lg\"  style=\"height: 80px\"><\/div><div class=\"mf_empty_space_md\"  style=\"height: 50px\"><\/div><div class=\"mf_empty_space_xs\"  style=\"height: 50px\"><\/div><\/div>[\/vc_column_inner][\/vc_row_inner][\/vc_column][\/vc_row][vc_row equal_height=&#8220;yes&#8220; content_placement=&#8220;middle&#8220; enable_parallax=&#8220;yes&#8220; css=&#8220;.vc_custom_1515471913255{padding-top: 50px !important;padding-bottom: 50px !important;background-image: url(http:\/\/demo2.steelthemes.com\/induscity\/wp-content\/uploads\/sites\/9\/2017\/10\/action-bg-1.jpg?id=108) !important;}&#8220;][vc_column offset=&#8220;vc_col-lg-9 vc_col-md-8&#8243;][vc_custom_heading text=&#8220;INNOVATIVE PRODUKTE UND DIENSTLEISTUNGEN F\u00dcR BAUPROJEKTE&#8220; font_container=&#8220;tag:h2|font_size:20|text_align:center&#8220; use_theme_fonts=&#8220;yes&#8220; el_class=&#8220;fw-medium main-color&#8220; css=&#8220;.vc_custom_1607435454279{margin-top: 0px !important;margin-bottom: 0px !important;}&#8220;]<div class=\"mf-empty-space \" style=\"\"><div class=\"mf_empty_space_lg\" ><\/div><div class=\"mf_empty_space_md\" ><\/div><div class=\"mf_empty_space_xs\"  style=\"height: 30px\"><\/div><\/div>[\/vc_column][vc_column offset=&#8220;vc_col-lg-3 vc_col-md-4&#8243;]<div class=\"mf-button align-right style-1 \"><a class=\"button mf-btn\" href=\"\/de\/projects\/\">Projekte<\/a><\/div>[\/vc_column][\/vc_row]<\/p>\n","protected":false},"excerpt":{"rendered":"<p>[vc_row][vc_column][\/vc_column][\/vc_row][vc_row][vc_column offset=&#8220;vc_col-lg-4 vc_col-md-12&#8243;][vc_single_image image=&#8220;5940&#8243; img_size=&#8220;large&#8220;][\/vc_column][vc_column offset=&#8220;vc_col-lg-4 vc_col-md-12&#8243;][vc_custom_heading text=&#8220;Die Geschichte von ATRITUBE beginnt in den 1980er Jahren.&#8220; font_container=&#8220;tag:h2|font_size:20|text_align:left&#8220; use_theme_fonts=&#8220;yes&#8220; el_class=&#8220;fw-medium&#8220; css=&#8220;.vc_custom_1607434615963{margin-top: 0px !important;margin-bottom: 0px !important;}&#8220;][vc_column_text]Damals begann der sp\u00e4tere Gr\u00fcnder Giorgos Ioannou in einem f\u00fcr Griechenland innovativen Sektor zu arbeiten, der Klima- und Entl\u00fcftungstechnik. Mit den Jahren kam ein ausgesprochen f\u00e4higes und zuverl\u00e4ssiges Team von Profis zustande, [&hellip;]<\/p>\n","protected":false},"author":2,"featured_media":0,"parent":0,"menu_order":0,"comment_status":"closed","ping_status":"closed","template":"template-fullwidth.php","meta":{"footnotes":""},"class_list":["post-5933","page","type-page","status-publish","hentry","no-thumb"],"_links":{"self":[{"href":"https:\/\/atritube.com\/de\/wp-json\/wp\/v2\/pages\/5933","targetHints":{"allow":["GET"]}}],"collection":[{"href":"https:\/\/atritube.com\/de\/wp-json\/wp\/v2\/pages"}],"about":[{"href":"https:\/\/atritube.com\/de\/wp-json\/wp\/v2\/types\/page"}],"author":[{"embeddable":true,"href":"https:\/\/atritube.com\/de\/wp-json\/wp\/v2\/users\/2"}],"replies":[{"embeddable":true,"href":"https:\/\/atritube.com\/de\/wp-json\/wp\/v2\/comments?post=5933"}],"version-history":[{"count":11,"href":"https:\/\/atritube.com\/de\/wp-json\/wp\/v2\/pages\/5933\/revisions"}],"predecessor-version":[{"id":6277,"href":"https:\/\/atritube.com\/de\/wp-json\/wp\/v2\/pages\/5933\/revisions\/6277"}],"wp:attachment":[{"href":"https:\/\/atritube.com\/de\/wp-json\/wp\/v2\/media?parent=5933"}],"curies":[{"name":"wp","href":"https:\/\/api.w.org\/{rel}","templated":true}]}}